{"id":156,"date":"2024-03-13T21:29:08","date_gmt":"2024-03-13T20:29:08","guid":{"rendered":"https:\/\/bmpconcept.ovh\/?page_id=156"},"modified":"2024-03-14T12:16:25","modified_gmt":"2024-03-14T11:16:25","slug":"mentions","status":"publish","type":"page","link":"https:\/\/bmpconcept.ovh\/index.php\/mentions\/","title":{"rendered":"Mentions l\u00e9gales"},"content":{"rendered":"\n<p>Conform\u00e9ment aux dispositions des Articles 6-III et 19 de la loi pour la Confiance dans l\u2019Economie Num\u00e9rique, il est port\u00e9 \u00e0 la connaissance des utilisateurs et visiteurs du site www.bmpconcept.ovh les pr\u00e9sentes mentions l\u00e9gales.<\/p>\n\n\n\n<p>La connexion, l\u2019utilisation et l\u2019acc\u00e8s \u00e0 ce site impliquent l\u2019acceptation int\u00e9grale et sans r\u00e9serve de l\u2019internaute de toutes les dispositions des pr\u00e9sentes Mentions L\u00e9gales.<\/p>\n\n\n\n<h2 class=\"wp-block-heading\">ADMINISTRATEUR DU SITE INTERNET<\/h2>\n\n\n\n<p>Nicolas Kautzmann   EI<br>BPM concept, capital social de 1000\u20ac<br>Si\u00e8ge social&nbsp;: 4 rue de la libert\u00e9 67110 eberbach<br>Num\u00e9ro SIRET&nbsp;: 98491026500011<\/p>\n\n\n\n<h2 class=\"wp-block-heading\">RAISON SOCIALE ET H\u00c9BERGEUR<\/h2>\n\n\n\n<p>OVH<br>Si\u00e8ge social&nbsp;: 2 rue Kellermann 59100 Roubaix France<br><a href=\"http:\/\/www.ovh.com\/fr\/support\/\">http:\/\/www.ovh.com\/fr\/support\/<\/a><br>Tel&nbsp;: 09 72 10 10 07<\/p>\n\n\n\n<h2 class=\"wp-block-heading\">IMAGERIE ET 3D<\/h2>\n\n\n\n<p>R\u00e9alisations ou photographies personnelles<br>G\u00e9n\u00e9ration d&rsquo;images via des g\u00e9n\u00e9rateurs en ligne<br>Les mod\u00e9lisations 3d peuvent \u00eatre issue de projets personnels(r\u00e9alis\u00e9s sous freecad, blender, SWeducation) mais aussi extraite de plateformes internet<br>tels que thinkercad,cluts&#8230;<br><\/p>\n\n\n\n<h2 class=\"wp-block-heading\">DIRECTEUR ET RESPONSABLE DE PUBLICATION<\/h2>\n\n\n\n<p>BPM concept, capital social de 1000\u20ac<br>Si\u00e8ge social&nbsp;: 4 rue de la libert\u00e9 67110 eberbach<br>Num\u00e9ro SIRET&nbsp;: 98491026500011<br><\/p>\n\n\n\n<h3 class=\"wp-block-heading\">DROIT D\u2019ACC\u00c8S, DE MODIFICATIONS, DE RECTIFICATION ET DE SUPPRESSION DES DONN\u00c9ES<\/h3>\n\n\n\n<p>Le site www.bmpconcept.ovh est par principe accessible aux utilisateurs 24\/24h et 7\/7j, sauf interruption, programm\u00e9e ou non, pour des besoins de maintenance ou en cas de force majeure.<br>En cas d\u2019impossibilit\u00e9 d\u2019acc\u00e8s au site, celui-ci s\u2019engage \u00e0 faire son maximum afin d\u2019en r\u00e9tablir l\u2019acc\u00e8s.<\/p>\n\n\n\n<p>Le site www.bmpconcept.ovh est exempt\u00e9 de d\u00e9claration \u00e0 la Commission Nationale Informatique et Libert\u00e9s (CNIL) dans la mesure o\u00f9 il ne collecte aucune donn\u00e9e des utilisateurs. <\/p>\n\n\n\n<p>Selon l\u2019Article L335-2&nbsp; et le Code de la Propri\u00e9t\u00e9 Intellectuelle&nbsp;: \u00ab&nbsp;toute \u00e9dition d\u2019\u00e9crits, de composition musicale, de dessin, de peinture ou de toute autre production, imprim\u00e9e ou grav\u00e9e en entier ou en partie, au m\u00e9pris des lois et r\u00e8glements relatifs \u00e0 la propri\u00e9t\u00e9 des auteurs, est une contrefa\u00e7on et toute contrefa\u00e7on est un d\u00e9lit.&nbsp;\u00bb<\/p>\n\n\n\n<p>La soci\u00e9t\u00e9 BPM concept a le droit de modifier le contenu de ces offres commerciales \u00e0 tout moment.<\/p>\n\n\n\n<p>Pour tout signalement de contenus ou d\u2019activit\u00e9s illicites, l\u2019utilisateur peut contacter l\u2019\u00e9diteur \u00e0 l\u2019adresse suivante&nbsp;:&nbsp;<a href=\"mailto:contact@inova-web.fr\"><strong>bpmconcept@gmx.fr<\/strong><\/a>&nbsp;ou par courrier recommand\u00e9 avec accus\u00e9 de r\u00e9ception adress\u00e9 \u00e0 l\u2019\u00e9diteur aux coordonn\u00e9es pr\u00e9cis\u00e9es dans les pr\u00e9sentes mentions l\u00e9gales.<\/p>\n","protected":false},"excerpt":{"rendered":"<p>Conform\u00e9ment aux dispositions des Articles 6-III et 19 de la loi pour la Confiance dans l\u2019Economie Num\u00e9rique, il est port\u00e9 \u00e0 la connaissance des utilisateurs et visiteurs du site www.bmpconcept.ovh les pr\u00e9sentes mentions l\u00e9gales. La connexion, l\u2019utilisation et l\u2019acc\u00e8s \u00e0 ce site impliquent l\u2019acceptation int\u00e9grale et sans r\u00e9serve de l\u2019internaute de toutes les dispositions des [&hellip;]<\/p>\n","protected":false},"author":1,"featured_media":0,"parent":0,"menu_order":0,"comment_status":"closed","ping_status":"closed","template":"","meta":{"footnotes":""},"class_list":["post-156","page","type-page","status-publish","hentry"],"jetpack_sharing_enabled":true,"_links":{"self":[{"href":"https:\/\/bmpconcept.ovh\/index.php\/wp-json\/wp\/v2\/pages\/156","targetHints":{"allow":["GET"]}}],"collection":[{"href":"https:\/\/bmpconcept.ovh\/index.php\/wp-json\/wp\/v2\/pages"}],"about":[{"href":"https:\/\/bmpconcept.ovh\/index.php\/wp-json\/wp\/v2\/types\/page"}],"author":[{"embeddable":true,"href":"https:\/\/bmpconcept.ovh\/index.php\/wp-json\/wp\/v2\/users\/1"}],"replies":[{"embeddable":true,"href":"https:\/\/bmpconcept.ovh\/index.php\/wp-json\/wp\/v2\/comments?post=156"}],"version-history":[{"count":10,"href":"https:\/\/bmpconcept.ovh\/index.php\/wp-json\/wp\/v2\/pages\/156\/revisions"}],"predecessor-version":[{"id":280,"href":"https:\/\/bmpconcept.ovh\/index.php\/wp-json\/wp\/v2\/pages\/156\/revisions\/280"}],"wp:attachment":[{"href":"https:\/\/bmpconcept.ovh\/index.php\/wp-json\/wp\/v2\/media?parent=156"}],"curies":[{"name":"wp","href":"https:\/\/api.w.org\/{rel}","templated":true}]}}